	{"id":1468,"date":"2025-07-01T06:34:43","date_gmt":"2025-07-01T01:34:43","guid":{"rendered":"https:\/\/joestravellog.com\/?page_id=1468"},"modified":"2025-07-01T06:34:44","modified_gmt":"2025-07-01T01:34:44","slug":"budapest-october-2024-palvolgyi-cave","status":"publish","type":"page","link":"https:\/\/joestravellog.com\/index.php\/budapest-october-2024-palvolgyi-cave\/","title":{"rendered":"Budapest October 2024 P\u00e1lv\u00f6lgyi Cave"},"content":{"rendered":"\n<p>There are many cave systems within the Budapest city boundary. This one is a easy trek for almost everyone &#8211; unless you drag your oxygen tank behind you. Easily accessible from public transportation. For example from M\u00f3ricz Zsigmond k\u00f6rt\u00e9r, take the 41 tram to Kolosy t\u00e9r. Switch to 65A bus. It&#8217;ll drop you off right at the grounds. Get off at the P\u00e1l-v\u00f6lgyi cseppk\u0151barlang stop.<\/p>\n\n\n\n<p> Here are some random (but in order) pics of this cave system.<\/p>\n\n\n\n<figure class=\"wp-block-gallery has-nested-images columns-default is-cropped wp-block-gallery-1 is-layout-flex wp-block-gallery-is-layout-flex\">\n<figure class=\"wp-block-image size-large\"><img loading=\"lazy\" decoding=\"async\" width=\"450\" height=\"600\" data-id=\"1556\" src=\"https:\/\/joestravellog.com\/wp-content\/uploads\/2025\/07\/IMG_0589.jpg\" alt=\"\" class=\"wp-image-1556\" srcset=\"https:\/\/joestravellog.com\/wp-content\/uploads\/2025\/07\/IMG_0589.jpg 450w, https:\/\/joestravellog.com\/wp-content\/uploads\/2025\/07\/IMG_0589-225x300.jpg 225w\" sizes=\"auto, (max-width: 450px) 100vw, 450px\" \/><\/figure>\n\n\n\n<figure class=\"wp-block-image size-large\"><img loading=\"lazy\" decoding=\"async\" width=\"800\" height=\"600\" data-id=\"1557\" src=\"https:\/\/joestravellog.com\/wp-content\/uploads\/2025\/07\/IMG_0588.jpg\" alt=\"\" class=\"wp-image-1557\" srcset=\"https:\/\/joestravellog.com\/wp-content\/uploads\/2025\/07\/IMG_0588.jpg 800w, https:\/\/joestravellog.com\/wp-content\/uploads\/2025\/07\/IMG_0588-300x225.jpg 300w, https:\/\/joestravellog.com\/wp-content\/uploads\/2025\/07\/IMG_0588-768x576.jpg 768w, https:\/\/joestravellog.com\/wp-content\/uploads\/2025\/07\/IMG_0588-640x480.jpg 640w\" sizes=\"auto, (max-width: 800px) 100vw, 800px\" \/><\/figure>\n\n\n\n<figure class=\"wp-block-image size-large\"><img loading=\"lazy\" decoding=\"async\" width=\"450\" height=\"600\" data-id=\"1558\" src=\"https:\/\/joestravellog.com\/wp-content\/uploads\/2025\/07\/IMG_0586.jpg\" alt=\"\" class=\"wp-image-1558\" srcset=\"https:\/\/joestravellog.com\/wp-content\/uploads\/2025\/07\/IMG_0586.jpg 450w, https:\/\/joestravellog.com\/wp-content\/uploads\/2025\/07\/IMG_0586-225x300.jpg 225w\" sizes=\"auto, (max-width: 450px) 100vw, 450px\" \/><\/figure>\n\n\n\n<figure class=\"wp-block-image size-large\"><img loading=\"lazy\" decoding=\"async\" width=\"450\" height=\"600\" data-id=\"1559\" src=\"https:\/\/joestravellog.com\/wp-content\/uploads\/2025\/07\/IMG_0584.jpg\" alt=\"\" class=\"wp-image-1559\" srcset=\"https:\/\/joestravellog.com\/wp-content\/uploads\/2025\/07\/IMG_0584.jpg 450w, https:\/\/joestravellog.com\/wp-content\/uploads\/2025\/07\/IMG_0584-225x300.jpg 225w\" sizes=\"auto, (max-width: 450px) 100vw, 450px\" \/><\/figure>\n\n\n\n<figure class=\"wp-block-image size-large\"><img loading=\"lazy\" decoding=\"async\" width=\"450\" height=\"600\" data-id=\"1560\" src=\"https:\/\/joestravellog.com\/wp-content\/uploads\/2025\/07\/IMG_0583.jpg\" alt=\"\" class=\"wp-image-1560\" srcset=\"https:\/\/joestravellog.com\/wp-content\/uploads\/2025\/07\/IMG_0583.jpg 450w, https:\/\/joestravellog.com\/wp-content\/uploads\/2025\/07\/IMG_0583-225x300.jpg 225w\" sizes=\"auto, (max-width: 450px) 100vw, 450px\" \/><\/figure>\n\n\n\n<figure class=\"wp-block-image size-large\"><img loading=\"lazy\" decoding=\"async\" width=\"450\" height=\"600\" data-id=\"1561\" src=\"https:\/\/joestravellog.com\/wp-content\/uploads\/2025\/07\/IMG_0581.jpg\" alt=\"\" class=\"wp-image-1561\" srcset=\"https:\/\/joestravellog.com\/wp-content\/uploads\/2025\/07\/IMG_0581.jpg 450w, https:\/\/joestravellog.com\/wp-content\/uploads\/2025\/07\/IMG_0581-225x300.jpg 225w\" sizes=\"auto, (max-width: 450px) 100vw, 450px\" \/><\/figure>\n\n\n\n<figure class=\"wp-block-image size-large\"><img loading=\"lazy\" decoding=\"async\" width=\"450\" height=\"600\" data-id=\"1562\" src=\"https:\/\/joestravellog.com\/wp-content\/uploads\/2025\/07\/IMG_0578.jpg\" alt=\"\" class=\"wp-image-1562\" srcset=\"https:\/\/joestravellog.com\/wp-content\/uploads\/2025\/07\/IMG_0578.jpg 450w, https:\/\/joestravellog.com\/wp-content\/uploads\/2025\/07\/IMG_0578-225x300.jpg 225w\" sizes=\"auto, (max-width: 450px) 100vw, 450px\" \/><\/figure>\n\n\n\n<figure class=\"wp-block-image size-large\"><img loading=\"lazy\" decoding=\"async\" width=\"800\" height=\"600\" data-id=\"1563\" src=\"https:\/\/joestravellog.com\/wp-content\/uploads\/2025\/07\/IMG_0575.jpg\" alt=\"\" class=\"wp-image-1563\" srcset=\"https:\/\/joestravellog.com\/wp-content\/uploads\/2025\/07\/IMG_0575.jpg 800w, https:\/\/joestravellog.com\/wp-content\/uploads\/2025\/07\/IMG_0575-300x225.jpg 300w, https:\/\/joestravellog.com\/wp-content\/uploads\/2025\/07\/IMG_0575-768x576.jpg 768w, https:\/\/joestravellog.com\/wp-content\/uploads\/2025\/07\/IMG_0575-640x480.jpg 640w\" sizes=\"auto, (max-width: 800px) 100vw, 800px\" \/><\/figure>\n\n\n\n<figure class=\"wp-block-image size-large\"><img loading=\"lazy\" decoding=\"async\" width=\"800\" height=\"600\" data-id=\"1564\" src=\"https:\/\/joestravellog.com\/wp-content\/uploads\/2025\/07\/IMG_0571.jpg\" alt=\"\" class=\"wp-image-1564\" srcset=\"https:\/\/joestravellog.com\/wp-content\/uploads\/2025\/07\/IMG_0571.jpg 800w, https:\/\/joestravellog.com\/wp-content\/uploads\/2025\/07\/IMG_0571-300x225.jpg 300w, https:\/\/joestravellog.com\/wp-content\/uploads\/2025\/07\/IMG_0571-768x576.jpg 768w, https:\/\/joestravellog.com\/wp-content\/uploads\/2025\/07\/IMG_0571-640x480.jpg 640w\" sizes=\"auto, (max-width: 800px) 100vw, 800px\" \/><\/figure>\n\n\n\n<figure class=\"wp-block-image size-large\"><img loading=\"lazy\" decoding=\"async\" width=\"450\" height=\"600\" data-id=\"1565\" src=\"https:\/\/joestravellog.com\/wp-content\/uploads\/2025\/07\/IMG_0570.jpg\" alt=\"\" class=\"wp-image-1565\" srcset=\"https:\/\/joestravellog.com\/wp-content\/uploads\/2025\/07\/IMG_0570.jpg 450w, https:\/\/joestravellog.com\/wp-content\/uploads\/2025\/07\/IMG_0570-225x300.jpg 225w\" sizes=\"auto, (max-width: 450px) 100vw, 450px\" \/><\/figure>\n\n\n\n<figure class=\"wp-block-image size-large\"><img loading=\"lazy\" decoding=\"async\" width=\"800\" height=\"376\" data-id=\"1566\" src=\"https:\/\/joestravellog.com\/wp-content\/uploads\/2025\/07\/IMG_0569.jpg\" alt=\"\" class=\"wp-image-1566\" srcset=\"https:\/\/joestravellog.com\/wp-content\/uploads\/2025\/07\/IMG_0569.jpg 800w, https:\/\/joestravellog.com\/wp-content\/uploads\/2025\/07\/IMG_0569-300x141.jpg 300w, https:\/\/joestravellog.com\/wp-content\/uploads\/2025\/07\/IMG_0569-768x361.jpg 768w\" sizes=\"auto, (max-width: 800px) 100vw, 800px\" \/><\/figure>\n\n\n\n<figure class=\"wp-block-image size-large\"><img loading=\"lazy\" decoding=\"async\" width=\"800\" height=\"600\" data-id=\"1567\" src=\"https:\/\/joestravellog.com\/wp-content\/uploads\/2025\/07\/IMG_0568.jpg\" alt=\"\" class=\"wp-image-1567\" srcset=\"https:\/\/joestravellog.com\/wp-content\/uploads\/2025\/07\/IMG_0568.jpg 800w, https:\/\/joestravellog.com\/wp-content\/uploads\/2025\/07\/IMG_0568-300x225.jpg 300w, https:\/\/joestravellog.com\/wp-content\/uploads\/2025\/07\/IMG_0568-768x576.jpg 768w, https:\/\/joestravellog.com\/wp-content\/uploads\/2025\/07\/IMG_0568-640x480.jpg 640w\" sizes=\"auto, (max-width: 800px) 100vw, 800px\" \/><\/figure>\n\n\n\n<figure class=\"wp-block-image size-large\"><img loading=\"lazy\" decoding=\"async\" width=\"800\" height=\"600\" data-id=\"1568\" src=\"https:\/\/joestravellog.com\/wp-content\/uploads\/2025\/07\/IMG_0567.jpg\" alt=\"\" class=\"wp-image-1568\" srcset=\"https:\/\/joestravellog.com\/wp-content\/uploads\/2025\/07\/IMG_0567.jpg 800w, https:\/\/joestravellog.com\/wp-content\/uploads\/2025\/07\/IMG_0567-300x225.jpg 300w, https:\/\/joestravellog.com\/wp-content\/uploads\/2025\/07\/IMG_0567-768x576.jpg 768w, https:\/\/joestravellog.com\/wp-content\/uploads\/2025\/07\/IMG_0567-640x480.jpg 640w\" sizes=\"auto, (max-width: 800px) 100vw, 800px\" \/><\/figure>\n\n\n\n<figure class=\"wp-block-image size-large\"><img loading=\"lazy\" decoding=\"async\" width=\"450\" height=\"600\" data-id=\"1569\" src=\"https:\/\/joestravellog.com\/wp-content\/uploads\/2025\/07\/IMG_0563.jpg\" alt=\"\" class=\"wp-image-1569\" srcset=\"https:\/\/joestravellog.com\/wp-content\/uploads\/2025\/07\/IMG_0563.jpg 450w, https:\/\/joestravellog.com\/wp-content\/uploads\/2025\/07\/IMG_0563-225x300.jpg 225w\" sizes=\"auto, (max-width: 450px) 100vw, 450px\" \/><\/figure>\n\n\n\n<figure class=\"wp-block-image size-large\"><img loading=\"lazy\" decoding=\"async\" width=\"450\" height=\"600\" data-id=\"1570\" src=\"https:\/\/joestravellog.com\/wp-content\/uploads\/2025\/07\/IMG_0560.jpg\" alt=\"\" class=\"wp-image-1570\" srcset=\"https:\/\/joestravellog.com\/wp-content\/uploads\/2025\/07\/IMG_0560.jpg 450w, https:\/\/joestravellog.com\/wp-content\/uploads\/2025\/07\/IMG_0560-225x300.jpg 225w\" sizes=\"auto, (max-width: 450px) 100vw, 450px\" \/><\/figure>\n\n\n\n<figure class=\"wp-block-image size-large\"><img loading=\"lazy\" decoding=\"async\" width=\"800\" height=\"600\" data-id=\"1571\" src=\"https:\/\/joestravellog.com\/wp-content\/uploads\/2025\/07\/IMG_0557.jpg\" alt=\"\" class=\"wp-image-1571\" srcset=\"https:\/\/joestravellog.com\/wp-content\/uploads\/2025\/07\/IMG_0557.jpg 800w, https:\/\/joestravellog.com\/wp-content\/uploads\/2025\/07\/IMG_0557-300x225.jpg 300w, https:\/\/joestravellog.com\/wp-content\/uploads\/2025\/07\/IMG_0557-768x576.jpg 768w, https:\/\/joestravellog.com\/wp-content\/uploads\/2025\/07\/IMG_0557-640x480.jpg 640w\" sizes=\"auto, (max-width: 800px) 100vw, 800px\" \/><\/figure>\n\n\n\n<figure class=\"wp-block-image size-large\"><img loading=\"lazy\" decoding=\"async\" width=\"450\" height=\"600\" data-id=\"1572\" src=\"https:\/\/joestravellog.com\/wp-content\/uploads\/2025\/07\/IMG_0551.jpg\" alt=\"\" class=\"wp-image-1572\" srcset=\"https:\/\/joestravellog.com\/wp-content\/uploads\/2025\/07\/IMG_0551.jpg 450w, https:\/\/joestravellog.com\/wp-content\/uploads\/2025\/07\/IMG_0551-225x300.jpg 225w\" sizes=\"auto, (max-width: 450px) 100vw, 450px\" \/><\/figure>\n\n\n\n<figure class=\"wp-block-image size-large\"><img loading=\"lazy\" decoding=\"async\" width=\"450\" height=\"600\" data-id=\"1573\" src=\"https:\/\/joestravellog.com\/wp-content\/uploads\/2025\/07\/IMG_0536.jpg\" alt=\"\" class=\"wp-image-1573\" srcset=\"https:\/\/joestravellog.com\/wp-content\/uploads\/2025\/07\/IMG_0536.jpg 450w, https:\/\/joestravellog.com\/wp-content\/uploads\/2025\/07\/IMG_0536-225x300.jpg 225w\" sizes=\"auto, (max-width: 450px) 100vw, 450px\" \/><\/figure>\n\n\n\n<figure class=\"wp-block-image size-large\"><img loading=\"lazy\" decoding=\"async\" width=\"450\" height=\"600\" data-id=\"1574\" src=\"https:\/\/joestravellog.com\/wp-content\/uploads\/2025\/07\/IMG_0522.jpg\" alt=\"\" class=\"wp-image-1574\" srcset=\"https:\/\/joestravellog.com\/wp-content\/uploads\/2025\/07\/IMG_0522.jpg 450w, https:\/\/joestravellog.com\/wp-content\/uploads\/2025\/07\/IMG_0522-225x300.jpg 225w\" sizes=\"auto, (max-width: 450px) 100vw, 450px\" \/><\/figure>\n\n\n\n<figure class=\"wp-block-image size-large\"><img loading=\"lazy\" decoding=\"async\" width=\"450\" height=\"600\" data-id=\"1575\" src=\"https:\/\/joestravellog.com\/wp-content\/uploads\/2025\/07\/IMG_0520.jpg\" alt=\"\" class=\"wp-image-1575\" srcset=\"https:\/\/joestravellog.com\/wp-content\/uploads\/2025\/07\/IMG_0520.jpg 450w, https:\/\/joestravellog.com\/wp-content\/uploads\/2025\/07\/IMG_0520-225x300.jpg 225w\" sizes=\"auto, (max-width: 450px) 100vw, 450px\" \/><\/figure>\n\n\n\n<figure class=\"wp-block-image size-large\"><img loading=\"lazy\" decoding=\"async\" width=\"450\" height=\"600\" data-id=\"1576\" src=\"https:\/\/joestravellog.com\/wp-content\/uploads\/2025\/07\/IMG_0511.jpg\" alt=\"\" class=\"wp-image-1576\" srcset=\"https:\/\/joestravellog.com\/wp-content\/uploads\/2025\/07\/IMG_0511.jpg 450w, https:\/\/joestravellog.com\/wp-content\/uploads\/2025\/07\/IMG_0511-225x300.jpg 225w\" sizes=\"auto, (max-width: 450px) 100vw, 450px\" \/><\/figure>\n\n\n\n<figure class=\"wp-block-image size-large\"><img loading=\"lazy\" decoding=\"async\" width=\"450\" height=\"600\" data-id=\"1577\" src=\"https:\/\/joestravellog.com\/wp-content\/uploads\/2025\/07\/IMG_0507.jpg\" alt=\"\" class=\"wp-image-1577\" srcset=\"https:\/\/joestravellog.com\/wp-content\/uploads\/2025\/07\/IMG_0507.jpg 450w, https:\/\/joestravellog.com\/wp-content\/uploads\/2025\/07\/IMG_0507-225x300.jpg 225w\" sizes=\"auto, (max-width: 450px) 100vw, 450px\" \/><\/figure>\n\n\n\n<figure class=\"wp-block-image size-large\"><img loading=\"lazy\" decoding=\"async\" width=\"450\" height=\"600\" data-id=\"1578\" src=\"https:\/\/joestravellog.com\/wp-content\/uploads\/2025\/07\/IMG_0506.jpg\" alt=\"\" class=\"wp-image-1578\" srcset=\"https:\/\/joestravellog.com\/wp-content\/uploads\/2025\/07\/IMG_0506.jpg 450w, https:\/\/joestravellog.com\/wp-content\/uploads\/2025\/07\/IMG_0506-225x300.jpg 225w\" sizes=\"auto, (max-width: 450px) 100vw, 450px\" \/><\/figure>\n<\/figure>\n\n\n\n<div class=\"wp-block-buttons is-layout-flex wp-block-buttons-is-layout-flex\">\n<div class=\"wp-block-button\"><a class=\"wp-block-button__link wp-element-button\" href=\".\/reykjavik-iceland-2024\/\">next<\/a><\/div>\n<\/div>\n\n\n\n<p><\/p>\n","protected":false},"excerpt":{"rendered":"<p>There are many cave systems within the Budapest city boundary. This one is a easy trek for almost everyone &#8211; [&hellip;]<\/p>\n","protected":false},"author":1,"featured_media":0,"parent":0,"menu_order":0,"comment_status":"closed","ping_status":"closed","template":"","meta":{"site-sidebar-layout":"default","site-content-layout":"","ast-site-content-layout":"default","site-content-style":"default","site-sidebar-style":"default","ast-global-header-display":"","ast-banner-title-visibility":"","ast-main-header-display":"","ast-hfb-above-header-display":"","ast-hfb-below-header-display":"","ast-hfb-mobile-header-display":"","site-post-title":"","ast-breadcrumbs-content":"","ast-featured-img":"","footer-sml-layout":"","theme-transparent-header-meta":"","adv-header-id-meta":"","stick-header-meta":"","header-above-stick-meta":"","header-main-stick-meta":"","header-below-stick-meta":"","astra-migrate-meta-layouts":"default","ast-page-background-enabled":"default","ast-page-background-meta":{"desktop":{"background-color":"var(--ast-global-color-5)","background-image":"","background-repeat":"repeat","background-position":"center center","background-size":"auto","background-attachment":"scroll","background-type":"","background-media":"","overlay-type":"","overlay-color":"","overlay-opacity":"","overlay-gradient":""},"tablet":{"background-color":"","background-image":"","background-repeat":"repeat","background-position":"center center","background-size":"auto","background-attachment":"scroll","background-type":"","background-media":"","overlay-type":"","overlay-color":"","overlay-opacity":"","overlay-gradient":""},"mobile":{"background-color":"","background-image":"","background-repeat":"repeat","background-position":"center center","background-size":"auto","background-attachment":"scroll","background-type":"","background-media":"","overlay-type":"","overlay-color":"","overlay-opacity":"","overlay-gradient":""}},"ast-content-background-meta":{"desktop":{"background-color":"var(--ast-global-color-4)","background-image":"","background-repeat":"repeat","background-position":"center center","background-size":"auto","background-attachment":"scroll","background-type":"","background-media":"","overlay-type":"","overlay-color":"","overlay-opacity":"","overlay-gradient":""},"tablet":{"background-color":"var(--ast-global-color-4)","background-image":"","background-repeat":"repeat","background-position":"center center","background-size":"auto","background-attachment":"scroll","background-type":"","background-media":"","overlay-type":"","overlay-color":"","overlay-opacity":"","overlay-gradient":""},"mobile":{"background-color":"var(--ast-global-color-4)","background-image":"","background-repeat":"repeat","background-position":"center center","background-size":"auto","background-attachment":"scroll","background-type":"","background-media":"","overlay-type":"","overlay-color":"","overlay-opacity":"","overlay-gradient":""}},"footnotes":""},"class_list":["post-1468","page","type-page","status-publish","hentry"],"_links":{"self":[{"href":"https:\/\/joestravellog.com\/index.php\/wp-json\/wp\/v2\/pages\/1468","targetHints":{"allow":["GET"]}}],"collection":[{"href":"https:\/\/joestravellog.com\/index.php\/wp-json\/wp\/v2\/pages"}],"about":[{"href":"https:\/\/joestravellog.com\/index.php\/wp-json\/wp\/v2\/types\/page"}],"author":[{"embeddable":true,"href":"https:\/\/joestravellog.com\/index.php\/wp-json\/wp\/v2\/users\/1"}],"replies":[{"embeddable":true,"href":"https:\/\/joestravellog.com\/index.php\/wp-json\/wp\/v2\/comments?post=1468"}],"version-history":[{"count":1,"href":"https:\/\/joestravellog.com\/index.php\/wp-json\/wp\/v2\/pages\/1468\/revisions"}],"predecessor-version":[{"id":1580,"href":"https:\/\/joestravellog.com\/index.php\/wp-json\/wp\/v2\/pages\/1468\/revisions\/1580"}],"wp:attachment":[{"href":"https:\/\/joestravellog.com\/index.php\/wp-json\/wp\/v2\/media?parent=1468"}],"curies":[{"name":"wp","href":"https:\/\/api.w.org\/{rel}","templated":true}]}}