	{"id":1965,"date":"2025-07-01T20:00:02","date_gmt":"2025-07-01T15:00:02","guid":{"rendered":"https:\/\/joestravellog.com\/?page_id=1965"},"modified":"2025-07-02T06:04:09","modified_gmt":"2025-07-02T01:04:09","slug":"iceland-june-28-2025-one-last-stop","status":"publish","type":"page","link":"https:\/\/joestravellog.com\/index.php\/iceland-june-28-2025-one-last-stop\/","title":{"rendered":"Iceland June 28 2025 One Last Stop"},"content":{"rendered":"\n<p>Last day. On the way back to the airport, I stopped here at G\u00e1lgahraun b\u00edlast\u00e6\u00f0i, a wonderful park of low growing shrubs and rock formations.<\/p>\n\n\n\n<figure class=\"wp-block-image size-large\"><img loading=\"lazy\" decoding=\"async\" width=\"800\" height=\"533\" src=\"https:\/\/joestravellog.com\/wp-content\/uploads\/2025\/07\/IMG_1228.jpg\" alt=\"\" class=\"wp-image-1716\" srcset=\"https:\/\/joestravellog.com\/wp-content\/uploads\/2025\/07\/IMG_1228.jpg 800w, https:\/\/joestravellog.com\/wp-content\/uploads\/2025\/07\/IMG_1228-300x200.jpg 300w, https:\/\/joestravellog.com\/wp-content\/uploads\/2025\/07\/IMG_1228-768x512.jpg 768w\" sizes=\"auto, (max-width: 800px) 100vw, 800px\" \/><\/figure>\n\n\n\n<figure class=\"wp-block-image size-large\"><img loading=\"lazy\" decoding=\"async\" width=\"800\" height=\"533\" src=\"https:\/\/joestravellog.com\/wp-content\/uploads\/2025\/07\/IMG_1229.jpg\" alt=\"\" class=\"wp-image-1715\" srcset=\"https:\/\/joestravellog.com\/wp-content\/uploads\/2025\/07\/IMG_1229.jpg 800w, https:\/\/joestravellog.com\/wp-content\/uploads\/2025\/07\/IMG_1229-300x200.jpg 300w, https:\/\/joestravellog.com\/wp-content\/uploads\/2025\/07\/IMG_1229-768x512.jpg 768w\" sizes=\"auto, (max-width: 800px) 100vw, 800px\" \/><\/figure>\n\n\n\n<figure class=\"wp-block-image size-large\"><img loading=\"lazy\" decoding=\"async\" width=\"800\" height=\"533\" src=\"https:\/\/joestravellog.com\/wp-content\/uploads\/2025\/07\/IMG_1230.jpg\" alt=\"\" class=\"wp-image-1714\" srcset=\"https:\/\/joestravellog.com\/wp-content\/uploads\/2025\/07\/IMG_1230.jpg 800w, https:\/\/joestravellog.com\/wp-content\/uploads\/2025\/07\/IMG_1230-300x200.jpg 300w, https:\/\/joestravellog.com\/wp-content\/uploads\/2025\/07\/IMG_1230-768x512.jpg 768w\" sizes=\"auto, (max-width: 800px) 100vw, 800px\" \/><\/figure>\n\n\n\n<figure class=\"wp-block-image size-large\"><img loading=\"lazy\" decoding=\"async\" width=\"800\" height=\"533\" src=\"https:\/\/joestravellog.com\/wp-content\/uploads\/2025\/07\/IMG_1231.jpg\" alt=\"\" class=\"wp-image-1713\" srcset=\"https:\/\/joestravellog.com\/wp-content\/uploads\/2025\/07\/IMG_1231.jpg 800w, https:\/\/joestravellog.com\/wp-content\/uploads\/2025\/07\/IMG_1231-300x200.jpg 300w, https:\/\/joestravellog.com\/wp-content\/uploads\/2025\/07\/IMG_1231-768x512.jpg 768w\" sizes=\"auto, (max-width: 800px) 100vw, 800px\" \/><\/figure>\n\n\n\n<figure class=\"wp-block-image size-large\"><img loading=\"lazy\" decoding=\"async\" width=\"800\" height=\"533\" src=\"https:\/\/joestravellog.com\/wp-content\/uploads\/2025\/07\/IMG_1232.jpg\" alt=\"\" class=\"wp-image-1712\" srcset=\"https:\/\/joestravellog.com\/wp-content\/uploads\/2025\/07\/IMG_1232.jpg 800w, https:\/\/joestravellog.com\/wp-content\/uploads\/2025\/07\/IMG_1232-300x200.jpg 300w, https:\/\/joestravellog.com\/wp-content\/uploads\/2025\/07\/IMG_1232-768x512.jpg 768w\" sizes=\"auto, (max-width: 800px) 100vw, 800px\" \/><\/figure>\n\n\n\n<figure class=\"wp-block-image size-large\"><img loading=\"lazy\" decoding=\"async\" width=\"800\" height=\"533\" src=\"https:\/\/joestravellog.com\/wp-content\/uploads\/2025\/07\/IMG_1233.jpg\" alt=\"\" class=\"wp-image-1711\" srcset=\"https:\/\/joestravellog.com\/wp-content\/uploads\/2025\/07\/IMG_1233.jpg 800w, https:\/\/joestravellog.com\/wp-content\/uploads\/2025\/07\/IMG_1233-300x200.jpg 300w, https:\/\/joestravellog.com\/wp-content\/uploads\/2025\/07\/IMG_1233-768x512.jpg 768w\" sizes=\"auto, (max-width: 800px) 100vw, 800px\" \/><\/figure>\n\n\n\n<figure class=\"wp-block-image size-large\"><img loading=\"lazy\" decoding=\"async\" width=\"800\" height=\"533\" src=\"https:\/\/joestravellog.com\/wp-content\/uploads\/2025\/07\/IMG_1234.jpg\" alt=\"\" class=\"wp-image-1710\" srcset=\"https:\/\/joestravellog.com\/wp-content\/uploads\/2025\/07\/IMG_1234.jpg 800w, https:\/\/joestravellog.com\/wp-content\/uploads\/2025\/07\/IMG_1234-300x200.jpg 300w, https:\/\/joestravellog.com\/wp-content\/uploads\/2025\/07\/IMG_1234-768x512.jpg 768w\" sizes=\"auto, (max-width: 800px) 100vw, 800px\" \/><\/figure>\n\n\n\n<figure class=\"wp-block-image size-large\"><img loading=\"lazy\" decoding=\"async\" width=\"800\" height=\"533\" src=\"https:\/\/joestravellog.com\/wp-content\/uploads\/2025\/07\/IMG_1235.jpg\" alt=\"\" class=\"wp-image-1709\" srcset=\"https:\/\/joestravellog.com\/wp-content\/uploads\/2025\/07\/IMG_1235.jpg 800w, https:\/\/joestravellog.com\/wp-content\/uploads\/2025\/07\/IMG_1235-300x200.jpg 300w, https:\/\/joestravellog.com\/wp-content\/uploads\/2025\/07\/IMG_1235-768x512.jpg 768w\" sizes=\"auto, (max-width: 800px) 100vw, 800px\" \/><\/figure>\n\n\n\n<figure class=\"wp-block-image size-large\"><img loading=\"lazy\" decoding=\"async\" width=\"800\" height=\"533\" src=\"https:\/\/joestravellog.com\/wp-content\/uploads\/2025\/07\/IMG_1236.jpg\" alt=\"\" class=\"wp-image-1708\" srcset=\"https:\/\/joestravellog.com\/wp-content\/uploads\/2025\/07\/IMG_1236.jpg 800w, https:\/\/joestravellog.com\/wp-content\/uploads\/2025\/07\/IMG_1236-300x200.jpg 300w, https:\/\/joestravellog.com\/wp-content\/uploads\/2025\/07\/IMG_1236-768x512.jpg 768w\" sizes=\"auto, (max-width: 800px) 100vw, 800px\" \/><\/figure>\n\n\n\n<figure class=\"wp-block-image size-large\"><img loading=\"lazy\" decoding=\"async\" width=\"800\" height=\"533\" src=\"https:\/\/joestravellog.com\/wp-content\/uploads\/2025\/07\/IMG_1237.jpg\" alt=\"\" class=\"wp-image-1707\" srcset=\"https:\/\/joestravellog.com\/wp-content\/uploads\/2025\/07\/IMG_1237.jpg 800w, https:\/\/joestravellog.com\/wp-content\/uploads\/2025\/07\/IMG_1237-300x200.jpg 300w, https:\/\/joestravellog.com\/wp-content\/uploads\/2025\/07\/IMG_1237-768x512.jpg 768w\" sizes=\"auto, (max-width: 800px) 100vw, 800px\" \/><\/figure>\n\n\n\n<figure class=\"wp-block-image size-large\"><img loading=\"lazy\" decoding=\"async\" width=\"800\" height=\"533\" src=\"https:\/\/joestravellog.com\/wp-content\/uploads\/2025\/07\/IMG_1238.jpg\" alt=\"\" class=\"wp-image-1706\" srcset=\"https:\/\/joestravellog.com\/wp-content\/uploads\/2025\/07\/IMG_1238.jpg 800w, https:\/\/joestravellog.com\/wp-content\/uploads\/2025\/07\/IMG_1238-300x200.jpg 300w, https:\/\/joestravellog.com\/wp-content\/uploads\/2025\/07\/IMG_1238-768x512.jpg 768w\" sizes=\"auto, (max-width: 800px) 100vw, 800px\" \/><\/figure>\n\n\n\n<figure class=\"wp-block-image size-large\"><img loading=\"lazy\" decoding=\"async\" width=\"800\" height=\"533\" src=\"https:\/\/joestravellog.com\/wp-content\/uploads\/2025\/07\/IMG_1239.jpg\" alt=\"\" class=\"wp-image-1705\" srcset=\"https:\/\/joestravellog.com\/wp-content\/uploads\/2025\/07\/IMG_1239.jpg 800w, https:\/\/joestravellog.com\/wp-content\/uploads\/2025\/07\/IMG_1239-300x200.jpg 300w, https:\/\/joestravellog.com\/wp-content\/uploads\/2025\/07\/IMG_1239-768x512.jpg 768w\" sizes=\"auto, (max-width: 800px) 100vw, 800px\" \/><\/figure>\n\n\n\n<figure class=\"wp-block-image size-large\"><img loading=\"lazy\" decoding=\"async\" width=\"800\" height=\"533\" src=\"https:\/\/joestravellog.com\/wp-content\/uploads\/2025\/07\/IMG_1240.jpg\" alt=\"\" class=\"wp-image-1704\" srcset=\"https:\/\/joestravellog.com\/wp-content\/uploads\/2025\/07\/IMG_1240.jpg 800w, https:\/\/joestravellog.com\/wp-content\/uploads\/2025\/07\/IMG_1240-300x200.jpg 300w, https:\/\/joestravellog.com\/wp-content\/uploads\/2025\/07\/IMG_1240-768x512.jpg 768w\" sizes=\"auto, (max-width: 800px) 100vw, 800px\" \/><\/figure>\n\n\n\n<figure class=\"wp-block-image size-large\"><img loading=\"lazy\" decoding=\"async\" width=\"800\" height=\"533\" src=\"https:\/\/joestravellog.com\/wp-content\/uploads\/2025\/07\/IMG_1241.jpg\" alt=\"\" class=\"wp-image-1703\" srcset=\"https:\/\/joestravellog.com\/wp-content\/uploads\/2025\/07\/IMG_1241.jpg 800w, https:\/\/joestravellog.com\/wp-content\/uploads\/2025\/07\/IMG_1241-300x200.jpg 300w, https:\/\/joestravellog.com\/wp-content\/uploads\/2025\/07\/IMG_1241-768x512.jpg 768w\" sizes=\"auto, (max-width: 800px) 100vw, 800px\" \/><\/figure>\n\n\n\n<figure class=\"wp-block-image size-large\"><img loading=\"lazy\" decoding=\"async\" width=\"800\" height=\"533\" src=\"https:\/\/joestravellog.com\/wp-content\/uploads\/2025\/07\/IMG_1242.jpg\" alt=\"\" class=\"wp-image-1702\" srcset=\"https:\/\/joestravellog.com\/wp-content\/uploads\/2025\/07\/IMG_1242.jpg 800w, https:\/\/joestravellog.com\/wp-content\/uploads\/2025\/07\/IMG_1242-300x200.jpg 300w, https:\/\/joestravellog.com\/wp-content\/uploads\/2025\/07\/IMG_1242-768x512.jpg 768w\" sizes=\"auto, (max-width: 800px) 100vw, 800px\" \/><\/figure>\n\n\n\n<figure class=\"wp-block-image size-large\"><img loading=\"lazy\" decoding=\"async\" width=\"800\" height=\"533\" src=\"https:\/\/joestravellog.com\/wp-content\/uploads\/2025\/07\/IMG_1243.jpg\" alt=\"\" class=\"wp-image-1701\" srcset=\"https:\/\/joestravellog.com\/wp-content\/uploads\/2025\/07\/IMG_1243.jpg 800w, https:\/\/joestravellog.com\/wp-content\/uploads\/2025\/07\/IMG_1243-300x200.jpg 300w, https:\/\/joestravellog.com\/wp-content\/uploads\/2025\/07\/IMG_1243-768x512.jpg 768w\" sizes=\"auto, (max-width: 800px) 100vw, 800px\" \/><\/figure>\n\n\n\n<figure class=\"wp-block-image size-large\"><img loading=\"lazy\" decoding=\"async\" width=\"800\" height=\"533\" src=\"https:\/\/joestravellog.com\/wp-content\/uploads\/2025\/07\/IMG_1244.jpg\" alt=\"\" class=\"wp-image-1700\" srcset=\"https:\/\/joestravellog.com\/wp-content\/uploads\/2025\/07\/IMG_1244.jpg 800w, https:\/\/joestravellog.com\/wp-content\/uploads\/2025\/07\/IMG_1244-300x200.jpg 300w, https:\/\/joestravellog.com\/wp-content\/uploads\/2025\/07\/IMG_1244-768x512.jpg 768w\" sizes=\"auto, (max-width: 800px) 100vw, 800px\" \/><\/figure>\n\n\n\n<figure class=\"wp-block-image size-large\"><img loading=\"lazy\" decoding=\"async\" width=\"800\" height=\"533\" src=\"https:\/\/joestravellog.com\/wp-content\/uploads\/2025\/07\/IMG_1245.jpg\" alt=\"\" class=\"wp-image-1699\" srcset=\"https:\/\/joestravellog.com\/wp-content\/uploads\/2025\/07\/IMG_1245.jpg 800w, https:\/\/joestravellog.com\/wp-content\/uploads\/2025\/07\/IMG_1245-300x200.jpg 300w, https:\/\/joestravellog.com\/wp-content\/uploads\/2025\/07\/IMG_1245-768x512.jpg 768w\" sizes=\"auto, (max-width: 800px) 100vw, 800px\" \/><\/figure>\n\n\n\n<figure class=\"wp-block-image size-large\"><img loading=\"lazy\" decoding=\"async\" width=\"800\" height=\"533\" src=\"https:\/\/joestravellog.com\/wp-content\/uploads\/2025\/07\/IMG_1246.jpg\" alt=\"\" class=\"wp-image-1698\" srcset=\"https:\/\/joestravellog.com\/wp-content\/uploads\/2025\/07\/IMG_1246.jpg 800w, https:\/\/joestravellog.com\/wp-content\/uploads\/2025\/07\/IMG_1246-300x200.jpg 300w, https:\/\/joestravellog.com\/wp-content\/uploads\/2025\/07\/IMG_1246-768x512.jpg 768w\" sizes=\"auto, (max-width: 800px) 100vw, 800px\" \/><\/figure>\n\n\n\n<figure class=\"wp-block-image size-large\"><img loading=\"lazy\" decoding=\"async\" width=\"800\" height=\"533\" src=\"https:\/\/joestravellog.com\/wp-content\/uploads\/2025\/07\/IMG_1247.jpg\" alt=\"\" class=\"wp-image-1697\" srcset=\"https:\/\/joestravellog.com\/wp-content\/uploads\/2025\/07\/IMG_1247.jpg 800w, https:\/\/joestravellog.com\/wp-content\/uploads\/2025\/07\/IMG_1247-300x200.jpg 300w, https:\/\/joestravellog.com\/wp-content\/uploads\/2025\/07\/IMG_1247-768x512.jpg 768w\" sizes=\"auto, (max-width: 800px) 100vw, 800px\" \/><\/figure>\n\n\n\n<figure class=\"wp-block-image size-large\"><img loading=\"lazy\" decoding=\"async\" width=\"800\" height=\"533\" src=\"https:\/\/joestravellog.com\/wp-content\/uploads\/2025\/07\/IMG_1248.jpg\" alt=\"\" class=\"wp-image-1696\" srcset=\"https:\/\/joestravellog.com\/wp-content\/uploads\/2025\/07\/IMG_1248.jpg 800w, https:\/\/joestravellog.com\/wp-content\/uploads\/2025\/07\/IMG_1248-300x200.jpg 300w, https:\/\/joestravellog.com\/wp-content\/uploads\/2025\/07\/IMG_1248-768x512.jpg 768w\" sizes=\"auto, (max-width: 800px) 100vw, 800px\" \/><\/figure>\n\n\n\n<figure class=\"wp-block-image size-large\"><img loading=\"lazy\" decoding=\"async\" width=\"800\" height=\"533\" src=\"https:\/\/joestravellog.com\/wp-content\/uploads\/2025\/07\/IMG_1249.jpg\" alt=\"\" class=\"wp-image-1695\" srcset=\"https:\/\/joestravellog.com\/wp-content\/uploads\/2025\/07\/IMG_1249.jpg 800w, https:\/\/joestravellog.com\/wp-content\/uploads\/2025\/07\/IMG_1249-300x200.jpg 300w, https:\/\/joestravellog.com\/wp-content\/uploads\/2025\/07\/IMG_1249-768x512.jpg 768w\" sizes=\"auto, (max-width: 800px) 100vw, 800px\" \/><\/figure>\n\n\n\n<figure class=\"wp-block-image size-large\"><img loading=\"lazy\" decoding=\"async\" width=\"800\" height=\"533\" src=\"https:\/\/joestravellog.com\/wp-content\/uploads\/2025\/07\/IMG_1250.jpg\" alt=\"\" class=\"wp-image-1694\" srcset=\"https:\/\/joestravellog.com\/wp-content\/uploads\/2025\/07\/IMG_1250.jpg 800w, https:\/\/joestravellog.com\/wp-content\/uploads\/2025\/07\/IMG_1250-300x200.jpg 300w, https:\/\/joestravellog.com\/wp-content\/uploads\/2025\/07\/IMG_1250-768x512.jpg 768w\" sizes=\"auto, (max-width: 800px) 100vw, 800px\" \/><\/figure>\n\n\n\n<p>I do so have a new found love for lichens, moss, and low growing flowering plants. As well as the rock ledge they grown on.<\/p>\n\n\n\n<figure class=\"wp-block-image size-large\"><img loading=\"lazy\" decoding=\"async\" width=\"800\" height=\"533\" src=\"https:\/\/joestravellog.com\/wp-content\/uploads\/2025\/07\/IMG_1251.jpg\" alt=\"\" class=\"wp-image-1693\" srcset=\"https:\/\/joestravellog.com\/wp-content\/uploads\/2025\/07\/IMG_1251.jpg 800w, https:\/\/joestravellog.com\/wp-content\/uploads\/2025\/07\/IMG_1251-300x200.jpg 300w, https:\/\/joestravellog.com\/wp-content\/uploads\/2025\/07\/IMG_1251-768x512.jpg 768w\" sizes=\"auto, (max-width: 800px) 100vw, 800px\" \/><\/figure>\n\n\n\n<figure class=\"wp-block-image size-large\"><img loading=\"lazy\" decoding=\"async\" width=\"800\" height=\"533\" src=\"https:\/\/joestravellog.com\/wp-content\/uploads\/2025\/07\/IMG_1252.jpg\" alt=\"\" class=\"wp-image-1692\" srcset=\"https:\/\/joestravellog.com\/wp-content\/uploads\/2025\/07\/IMG_1252.jpg 800w, https:\/\/joestravellog.com\/wp-content\/uploads\/2025\/07\/IMG_1252-300x200.jpg 300w, https:\/\/joestravellog.com\/wp-content\/uploads\/2025\/07\/IMG_1252-768x512.jpg 768w\" sizes=\"auto, (max-width: 800px) 100vw, 800px\" \/><\/figure>\n\n\n\n<figure class=\"wp-block-image size-large\"><img loading=\"lazy\" decoding=\"async\" width=\"800\" height=\"533\" src=\"https:\/\/joestravellog.com\/wp-content\/uploads\/2025\/07\/IMG_1253.jpg\" alt=\"\" class=\"wp-image-1691\" srcset=\"https:\/\/joestravellog.com\/wp-content\/uploads\/2025\/07\/IMG_1253.jpg 800w, https:\/\/joestravellog.com\/wp-content\/uploads\/2025\/07\/IMG_1253-300x200.jpg 300w, https:\/\/joestravellog.com\/wp-content\/uploads\/2025\/07\/IMG_1253-768x512.jpg 768w\" sizes=\"auto, (max-width: 800px) 100vw, 800px\" \/><\/figure>\n\n\n\n<figure class=\"wp-block-image size-large\"><img loading=\"lazy\" decoding=\"async\" width=\"800\" height=\"533\" src=\"https:\/\/joestravellog.com\/wp-content\/uploads\/2025\/07\/IMG_1254.jpg\" alt=\"\" class=\"wp-image-1690\" srcset=\"https:\/\/joestravellog.com\/wp-content\/uploads\/2025\/07\/IMG_1254.jpg 800w, https:\/\/joestravellog.com\/wp-content\/uploads\/2025\/07\/IMG_1254-300x200.jpg 300w, https:\/\/joestravellog.com\/wp-content\/uploads\/2025\/07\/IMG_1254-768x512.jpg 768w\" sizes=\"auto, (max-width: 800px) 100vw, 800px\" \/><\/figure>\n\n\n\n<figure class=\"wp-block-image size-large\"><img loading=\"lazy\" decoding=\"async\" width=\"800\" height=\"533\" src=\"https:\/\/joestravellog.com\/wp-content\/uploads\/2025\/07\/IMG_1255.jpg\" alt=\"\" class=\"wp-image-1689\" srcset=\"https:\/\/joestravellog.com\/wp-content\/uploads\/2025\/07\/IMG_1255.jpg 800w, https:\/\/joestravellog.com\/wp-content\/uploads\/2025\/07\/IMG_1255-300x200.jpg 300w, https:\/\/joestravellog.com\/wp-content\/uploads\/2025\/07\/IMG_1255-768x512.jpg 768w\" sizes=\"auto, (max-width: 800px) 100vw, 800px\" \/><\/figure>\n\n\n\n<figure class=\"wp-block-image size-large\"><img loading=\"lazy\" decoding=\"async\" width=\"800\" height=\"533\" src=\"https:\/\/joestravellog.com\/wp-content\/uploads\/2025\/07\/IMG_1256.jpg\" alt=\"\" class=\"wp-image-1688\" srcset=\"https:\/\/joestravellog.com\/wp-content\/uploads\/2025\/07\/IMG_1256.jpg 800w, https:\/\/joestravellog.com\/wp-content\/uploads\/2025\/07\/IMG_1256-300x200.jpg 300w, https:\/\/joestravellog.com\/wp-content\/uploads\/2025\/07\/IMG_1256-768x512.jpg 768w\" sizes=\"auto, (max-width: 800px) 100vw, 800px\" \/><\/figure>\n\n\n\n<figure class=\"wp-block-image size-large\"><img loading=\"lazy\" decoding=\"async\" width=\"800\" height=\"533\" src=\"https:\/\/joestravellog.com\/wp-content\/uploads\/2025\/07\/IMG_1257-1.jpg\" alt=\"\" class=\"wp-image-1687\" srcset=\"https:\/\/joestravellog.com\/wp-content\/uploads\/2025\/07\/IMG_1257-1.jpg 800w, https:\/\/joestravellog.com\/wp-content\/uploads\/2025\/07\/IMG_1257-1-300x200.jpg 300w, https:\/\/joestravellog.com\/wp-content\/uploads\/2025\/07\/IMG_1257-1-768x512.jpg 768w\" sizes=\"auto, (max-width: 800px) 100vw, 800px\" \/><\/figure>\n\n\n\n<figure class=\"wp-block-image size-large\"><img loading=\"lazy\" decoding=\"async\" width=\"800\" height=\"533\" src=\"https:\/\/joestravellog.com\/wp-content\/uploads\/2025\/07\/IMG_1257.jpg\" alt=\"\" class=\"wp-image-1686\" srcset=\"https:\/\/joestravellog.com\/wp-content\/uploads\/2025\/07\/IMG_1257.jpg 800w, https:\/\/joestravellog.com\/wp-content\/uploads\/2025\/07\/IMG_1257-300x200.jpg 300w, https:\/\/joestravellog.com\/wp-content\/uploads\/2025\/07\/IMG_1257-768x512.jpg 768w\" sizes=\"auto, (max-width: 800px) 100vw, 800px\" \/><\/figure>\n\n\n\n<figure class=\"wp-block-image size-full\"><img loading=\"lazy\" decoding=\"async\" width=\"800\" height=\"208\" src=\"http:\/\/joestravellog.com\/wp-content\/uploads\/2025\/07\/IMG_0902.jpg\" alt=\"\" class=\"wp-image-1985\" srcset=\"https:\/\/joestravellog.com\/wp-content\/uploads\/2025\/07\/IMG_0902.jpg 800w, https:\/\/joestravellog.com\/wp-content\/uploads\/2025\/07\/IMG_0902-300x78.jpg 300w, https:\/\/joestravellog.com\/wp-content\/uploads\/2025\/07\/IMG_0902-768x200.jpg 768w\" sizes=\"auto, (max-width: 800px) 100vw, 800px\" \/><\/figure>\n\n\n\n<figure class=\"wp-block-image size-full\"><img loading=\"lazy\" decoding=\"async\" width=\"800\" height=\"181\" src=\"http:\/\/joestravellog.com\/wp-content\/uploads\/2025\/07\/IMG_0903.jpg\" alt=\"\" class=\"wp-image-1986\" srcset=\"https:\/\/joestravellog.com\/wp-content\/uploads\/2025\/07\/IMG_0903.jpg 800w, https:\/\/joestravellog.com\/wp-content\/uploads\/2025\/07\/IMG_0903-300x68.jpg 300w, https:\/\/joestravellog.com\/wp-content\/uploads\/2025\/07\/IMG_0903-768x174.jpg 768w\" sizes=\"auto, (max-width: 800px) 100vw, 800px\" \/><\/figure>\n\n\n\n<figure class=\"wp-block-image size-full\"><img loading=\"lazy\" decoding=\"async\" width=\"800\" height=\"184\" src=\"http:\/\/joestravellog.com\/wp-content\/uploads\/2025\/07\/IMG_0904.jpg\" alt=\"\" class=\"wp-image-1987\" srcset=\"https:\/\/joestravellog.com\/wp-content\/uploads\/2025\/07\/IMG_0904.jpg 800w, https:\/\/joestravellog.com\/wp-content\/uploads\/2025\/07\/IMG_0904-300x69.jpg 300w, https:\/\/joestravellog.com\/wp-content\/uploads\/2025\/07\/IMG_0904-768x177.jpg 768w\" sizes=\"auto, (max-width: 800px) 100vw, 800px\" \/><\/figure>\n\n\n\n<iframe src=\"https:\/\/www.google.com\/maps\/embed?pb=!1m18!1m12!1m3!1d4734.449664456667!2d-21.965115415254065!3d64.08873320866603!2m3!1f0!2f0!3f0!3m2!1i1024!2i768!4f13.1!3m3!1m2!1s0x48d60da2c8fe45b3%3A0xca34d2df753f02fe!2sG%C3%A1lgahraun%20parking!5e1!3m2!1sen!2sus!4v1751389141242!5m2!1sen!2sus\" width=\"600\" height=\"450\" style=\"border:0;\" allowfullscreen=\"\" loading=\"lazy\" referrerpolicy=\"no-referrer-when-downgrade\"><\/iframe>\n\n\n\n<p><strong>That&#8217;s all for now. I&#8217;ll see you on my next trip.<\/strong><\/p>\n\n\n\n<p><\/p>\n\n\n\n<div class=\"wp-block-buttons is-layout-flex wp-block-buttons-is-layout-flex\">\n<div class=\"wp-block-button\"><a class=\"wp-block-button__link wp-element-button\">home<\/a><\/div>\n\n\n\n<div class=\"wp-block-button\"><a class=\"wp-block-button__link wp-element-button\" href=\".\/index.php\/about-me\/\">About me<\/a><\/div>\n\n\n\n<div class=\"wp-block-button\"><a class=\"wp-block-button__link wp-element-button\" href=\".\/index.php\/blog\/\">leave your thoughts<\/a><\/div>\n<\/div>\n\n\n\n<p><\/p>\n","protected":false},"excerpt":{"rendered":"<p>Last day. On the way back to the airport, I stopped here at G\u00e1lgahraun b\u00edlast\u00e6\u00f0i, a wonderful park of low [&hellip;]<\/p>\n","protected":false},"author":1,"featured_media":0,"parent":0,"menu_order":0,"comment_status":"closed","ping_status":"closed","template":"","meta":{"site-sidebar-layout":"default","site-content-layout":"","ast-site-content-layout":"default","site-content-style":"default","site-sidebar-style":"default","ast-global-header-display":"","ast-banner-title-visibility":"","ast-main-header-display":"","ast-hfb-above-header-display":"","ast-hfb-below-header-display":"","ast-hfb-mobile-header-display":"","site-post-title":"","ast-breadcrumbs-content":"","ast-featured-img":"","footer-sml-layout":"","theme-transparent-header-meta":"","adv-header-id-meta":"","stick-header-meta":"","header-above-stick-meta":"","header-main-stick-meta":"","header-below-stick-meta":"","astra-migrate-meta-layouts":"default","ast-page-background-enabled":"default","ast-page-background-meta":{"desktop":{"background-color":"var(--ast-global-color-5)","background-image":"","background-repeat":"repeat","background-position":"center center","background-size":"auto","background-attachment":"scroll","background-type":"","background-media":"","overlay-type":"","overlay-color":"","overlay-opacity":"","overlay-gradient":""},"tablet":{"background-color":"","background-image":"","background-repeat":"repeat","background-position":"center center","background-size":"auto","background-attachment":"scroll","background-type":"","background-media":"","overlay-type":"","overlay-color":"","overlay-opacity":"","overlay-gradient":""},"mobile":{"background-color":"","background-image":"","background-repeat":"repeat","background-position":"center center","background-size":"auto","background-attachment":"scroll","background-type":"","background-media":"","overlay-type":"","overlay-color":"","overlay-opacity":"","overlay-gradient":""}},"ast-content-background-meta":{"desktop":{"background-color":"var(--ast-global-color-4)","background-image":"","background-repeat":"repeat","background-position":"center center","background-size":"auto","background-attachment":"scroll","background-type":"","background-media":"","overlay-type":"","overlay-color":"","overlay-opacity":"","overlay-gradient":""},"tablet":{"background-color":"var(--ast-global-color-4)","background-image":"","background-repeat":"repeat","background-position":"center center","background-size":"auto","background-attachment":"scroll","background-type":"","background-media":"","overlay-type":"","overlay-color":"","overlay-opacity":"","overlay-gradient":""},"mobile":{"background-color":"var(--ast-global-color-4)","background-image":"","background-repeat":"repeat","background-position":"center center","background-size":"auto","background-attachment":"scroll","background-type":"","background-media":"","overlay-type":"","overlay-color":"","overlay-opacity":"","overlay-gradient":""}},"footnotes":""},"class_list":["post-1965","page","type-page","status-publish","hentry"],"_links":{"self":[{"href":"https:\/\/joestravellog.com\/index.php\/wp-json\/wp\/v2\/pages\/1965","targetHints":{"allow":["GET"]}}],"collection":[{"href":"https:\/\/joestravellog.com\/index.php\/wp-json\/wp\/v2\/pages"}],"about":[{"href":"https:\/\/joestravellog.com\/index.php\/wp-json\/wp\/v2\/types\/page"}],"author":[{"embeddable":true,"href":"https:\/\/joestravellog.com\/index.php\/wp-json\/wp\/v2\/users\/1"}],"replies":[{"embeddable":true,"href":"https:\/\/joestravellog.com\/index.php\/wp-json\/wp\/v2\/comments?post=1965"}],"version-history":[{"count":7,"href":"https:\/\/joestravellog.com\/index.php\/wp-json\/wp\/v2\/pages\/1965\/revisions"}],"predecessor-version":[{"id":2011,"href":"https:\/\/joestravellog.com\/index.php\/wp-json\/wp\/v2\/pages\/1965\/revisions\/2011"}],"wp:attachment":[{"href":"https:\/\/joestravellog.com\/index.php\/wp-json\/wp\/v2\/media?parent=1965"}],"curies":[{"name":"wp","href":"https:\/\/api.w.org\/{rel}","templated":true}]}}