	{"id":41,"date":"2025-06-17T16:39:23","date_gmt":"2025-06-17T16:39:23","guid":{"rendered":"http:\/\/joestravellog.com\/?page_id=41"},"modified":"2025-06-17T18:24:23","modified_gmt":"2025-06-17T18:24:23","slug":"nagyteteny-2025","status":"publish","type":"page","link":"https:\/\/joestravellog.com\/index.php\/nagyteteny-2025\/","title":{"rendered":"Nagyteteny 2025"},"content":{"rendered":"\n<p>A trip to Nagyt\u00e9t\u00e9nyi Kast\u00e9ly (Castle), in Kast\u00e9lypark (Castle Park), is still within the Budapest public transit system; and indeed, still within the city of Budapest itself.<\/p>\n\n\n\n<p>For a drive-free experience, take the 33 bus from M\u00f3ricz Zsigmond k\u00f6rt\u00e9r (circle). It&#8217;s about an hour&#8217;s ride and can be tedious on a bus without AC. But you&#8217;re in it for the rough ride, right?<\/p>\n\n\n\n<p>Get off on the <em>Pet\u0151fi S\u00e1ndor utca<\/em> stop. I got off at the end of the line, two stops later and had an &#8211; unbeknownst at the time &#8211; a significant walk back. But I took some extra pictures of the village of Nagyt\u00e9t\u00e9ny.<\/p>\n\n\n\n<p>If you&#8217;ll get off at the right stop, you&#8217;ll have a two or three minute walk to find the castle.<\/p>\n\n\n\n<p>Having gotten you there, this is the least recommended sight on my itinerary. The grounds were neglected. The grass, overgrown. The castle was closed indefinitely (as of this writing in June 2025). Call before you set out.<\/p>\n\n\n\n<figure class=\"wp-block-gallery has-nested-images columns-default is-cropped wp-block-gallery-1 is-layout-flex wp-block-gallery-is-layout-flex\">\n<figure class=\"wp-block-image size-large\"><img loading=\"lazy\" decoding=\"async\" width=\"400\" height=\"600\" data-id=\"114\" src=\"http:\/\/joestravellog.com\/wp-content\/uploads\/2025\/06\/IMG_9877-1.jpg\" alt=\"\" class=\"wp-image-114\" srcset=\"https:\/\/joestravellog.com\/wp-content\/uploads\/2025\/06\/IMG_9877-1.jpg 400w, https:\/\/joestravellog.com\/wp-content\/uploads\/2025\/06\/IMG_9877-1-200x300.jpg 200w\" sizes=\"auto, (max-width: 400px) 100vw, 400px\" \/><\/figure>\n\n\n\n<figure class=\"wp-block-image size-large\"><img loading=\"lazy\" decoding=\"async\" width=\"800\" height=\"533\" data-id=\"112\" src=\"http:\/\/joestravellog.com\/wp-content\/uploads\/2025\/06\/IMG_9879.jpg\" alt=\"\" class=\"wp-image-112\" srcset=\"https:\/\/joestravellog.com\/wp-content\/uploads\/2025\/06\/IMG_9879.jpg 800w, https:\/\/joestravellog.com\/wp-content\/uploads\/2025\/06\/IMG_9879-300x200.jpg 300w, https:\/\/joestravellog.com\/wp-content\/uploads\/2025\/06\/IMG_9879-768x512.jpg 768w\" sizes=\"auto, (max-width: 800px) 100vw, 800px\" \/><\/figure>\n\n\n\n<figure class=\"wp-block-image size-large\"><img loading=\"lazy\" decoding=\"async\" width=\"800\" height=\"533\" data-id=\"113\" src=\"http:\/\/joestravellog.com\/wp-content\/uploads\/2025\/06\/IMG_9878.jpg\" alt=\"\" class=\"wp-image-113\" srcset=\"https:\/\/joestravellog.com\/wp-content\/uploads\/2025\/06\/IMG_9878.jpg 800w, https:\/\/joestravellog.com\/wp-content\/uploads\/2025\/06\/IMG_9878-300x200.jpg 300w, https:\/\/joestravellog.com\/wp-content\/uploads\/2025\/06\/IMG_9878-768x512.jpg 768w\" sizes=\"auto, (max-width: 800px) 100vw, 800px\" \/><\/figure>\n\n\n\n<figure class=\"wp-block-image size-large\"><img loading=\"lazy\" decoding=\"async\" width=\"800\" height=\"533\" data-id=\"111\" src=\"http:\/\/joestravellog.com\/wp-content\/uploads\/2025\/06\/IMG_9880.jpg\" alt=\"\" class=\"wp-image-111\" srcset=\"https:\/\/joestravellog.com\/wp-content\/uploads\/2025\/06\/IMG_9880.jpg 800w, https:\/\/joestravellog.com\/wp-content\/uploads\/2025\/06\/IMG_9880-300x200.jpg 300w, https:\/\/joestravellog.com\/wp-content\/uploads\/2025\/06\/IMG_9880-768x512.jpg 768w\" sizes=\"auto, (max-width: 800px) 100vw, 800px\" \/><\/figure>\n\n\n\n<figure class=\"wp-block-image size-large\"><img loading=\"lazy\" decoding=\"async\" width=\"800\" height=\"533\" data-id=\"101\" src=\"http:\/\/joestravellog.com\/wp-content\/uploads\/2025\/06\/IMG_9890.jpg\" alt=\"\" class=\"wp-image-101\" srcset=\"https:\/\/joestravellog.com\/wp-content\/uploads\/2025\/06\/IMG_9890.jpg 800w, https:\/\/joestravellog.com\/wp-content\/uploads\/2025\/06\/IMG_9890-300x200.jpg 300w, https:\/\/joestravellog.com\/wp-content\/uploads\/2025\/06\/IMG_9890-768x512.jpg 768w\" sizes=\"auto, (max-width: 800px) 100vw, 800px\" \/><\/figure>\n\n\n\n<figure class=\"wp-block-image size-large\"><img loading=\"lazy\" decoding=\"async\" width=\"800\" height=\"533\" data-id=\"102\" src=\"http:\/\/joestravellog.com\/wp-content\/uploads\/2025\/06\/IMG_9889.jpg\" alt=\"\" class=\"wp-image-102\" srcset=\"https:\/\/joestravellog.com\/wp-content\/uploads\/2025\/06\/IMG_9889.jpg 800w, https:\/\/joestravellog.com\/wp-content\/uploads\/2025\/06\/IMG_9889-300x200.jpg 300w, https:\/\/joestravellog.com\/wp-content\/uploads\/2025\/06\/IMG_9889-768x512.jpg 768w\" sizes=\"auto, (max-width: 800px) 100vw, 800px\" \/><\/figure>\n\n\n\n<figure class=\"wp-block-image size-large\"><img loading=\"lazy\" decoding=\"async\" width=\"400\" height=\"600\" data-id=\"105\" src=\"http:\/\/joestravellog.com\/wp-content\/uploads\/2025\/06\/IMG_9886.jpg\" alt=\"\" class=\"wp-image-105\" srcset=\"https:\/\/joestravellog.com\/wp-content\/uploads\/2025\/06\/IMG_9886.jpg 400w, https:\/\/joestravellog.com\/wp-content\/uploads\/2025\/06\/IMG_9886-200x300.jpg 200w\" sizes=\"auto, (max-width: 400px) 100vw, 400px\" \/><\/figure>\n\n\n\n<figure class=\"wp-block-image size-large\"><img loading=\"lazy\" decoding=\"async\" width=\"400\" height=\"600\" data-id=\"98\" src=\"http:\/\/joestravellog.com\/wp-content\/uploads\/2025\/06\/IMG_9893.jpg\" alt=\"\" class=\"wp-image-98\" srcset=\"https:\/\/joestravellog.com\/wp-content\/uploads\/2025\/06\/IMG_9893.jpg 400w, https:\/\/joestravellog.com\/wp-content\/uploads\/2025\/06\/IMG_9893-200x300.jpg 200w\" sizes=\"auto, (max-width: 400px) 100vw, 400px\" \/><\/figure>\n\n\n\n<figure class=\"wp-block-image size-large\"><img loading=\"lazy\" decoding=\"async\" width=\"800\" height=\"533\" data-id=\"107\" src=\"http:\/\/joestravellog.com\/wp-content\/uploads\/2025\/06\/IMG_9884.jpg\" alt=\"\" class=\"wp-image-107\" srcset=\"https:\/\/joestravellog.com\/wp-content\/uploads\/2025\/06\/IMG_9884.jpg 800w, https:\/\/joestravellog.com\/wp-content\/uploads\/2025\/06\/IMG_9884-300x200.jpg 300w, https:\/\/joestravellog.com\/wp-content\/uploads\/2025\/06\/IMG_9884-768x512.jpg 768w\" sizes=\"auto, (max-width: 800px) 100vw, 800px\" \/><\/figure>\n\n\n\n<figure class=\"wp-block-image size-large\"><img loading=\"lazy\" decoding=\"async\" width=\"800\" height=\"533\" data-id=\"108\" src=\"http:\/\/joestravellog.com\/wp-content\/uploads\/2025\/06\/IMG_9883.jpg\" alt=\"\" class=\"wp-image-108\" srcset=\"https:\/\/joestravellog.com\/wp-content\/uploads\/2025\/06\/IMG_9883.jpg 800w, https:\/\/joestravellog.com\/wp-content\/uploads\/2025\/06\/IMG_9883-300x200.jpg 300w, https:\/\/joestravellog.com\/wp-content\/uploads\/2025\/06\/IMG_9883-768x512.jpg 768w\" sizes=\"auto, (max-width: 800px) 100vw, 800px\" \/><\/figure>\n\n\n\n<figure class=\"wp-block-image size-large\"><img loading=\"lazy\" decoding=\"async\" width=\"800\" height=\"533\" data-id=\"109\" src=\"http:\/\/joestravellog.com\/wp-content\/uploads\/2025\/06\/IMG_9882.jpg\" alt=\"\" class=\"wp-image-109\" srcset=\"https:\/\/joestravellog.com\/wp-content\/uploads\/2025\/06\/IMG_9882.jpg 800w, https:\/\/joestravellog.com\/wp-content\/uploads\/2025\/06\/IMG_9882-300x200.jpg 300w, https:\/\/joestravellog.com\/wp-content\/uploads\/2025\/06\/IMG_9882-768x512.jpg 768w\" sizes=\"auto, (max-width: 800px) 100vw, 800px\" \/><\/figure>\n\n\n\n<figure class=\"wp-block-image size-large\"><img loading=\"lazy\" decoding=\"async\" width=\"800\" height=\"533\" data-id=\"110\" src=\"http:\/\/joestravellog.com\/wp-content\/uploads\/2025\/06\/IMG_9881.jpg\" alt=\"\" class=\"wp-image-110\" srcset=\"https:\/\/joestravellog.com\/wp-content\/uploads\/2025\/06\/IMG_9881.jpg 800w, https:\/\/joestravellog.com\/wp-content\/uploads\/2025\/06\/IMG_9881-300x200.jpg 300w, https:\/\/joestravellog.com\/wp-content\/uploads\/2025\/06\/IMG_9881-768x512.jpg 768w\" sizes=\"auto, (max-width: 800px) 100vw, 800px\" \/><\/figure>\n<\/figure>\n\n\n\n<figure class=\"wp-block-image size-large\"><img loading=\"lazy\" decoding=\"async\" width=\"800\" height=\"533\" src=\"http:\/\/joestravellog.com\/wp-content\/uploads\/2025\/06\/IMG_9888.jpg\" alt=\"\" class=\"wp-image-103\" srcset=\"https:\/\/joestravellog.com\/wp-content\/uploads\/2025\/06\/IMG_9888.jpg 800w, https:\/\/joestravellog.com\/wp-content\/uploads\/2025\/06\/IMG_9888-300x200.jpg 300w, https:\/\/joestravellog.com\/wp-content\/uploads\/2025\/06\/IMG_9888-768x512.jpg 768w\" sizes=\"auto, (max-width: 800px) 100vw, 800px\" \/><\/figure>\n\n\n\n<figure class=\"wp-block-image size-large\"><img loading=\"lazy\" decoding=\"async\" width=\"800\" height=\"533\" src=\"http:\/\/joestravellog.com\/wp-content\/uploads\/2025\/06\/IMG_9887.jpg\" alt=\"\" class=\"wp-image-104\" srcset=\"https:\/\/joestravellog.com\/wp-content\/uploads\/2025\/06\/IMG_9887.jpg 800w, https:\/\/joestravellog.com\/wp-content\/uploads\/2025\/06\/IMG_9887-300x200.jpg 300w, https:\/\/joestravellog.com\/wp-content\/uploads\/2025\/06\/IMG_9887-768x512.jpg 768w\" sizes=\"auto, (max-width: 800px) 100vw, 800px\" \/><\/figure>\n\n\n\n<figure class=\"wp-block-image size-large\"><img loading=\"lazy\" decoding=\"async\" width=\"800\" height=\"533\" src=\"http:\/\/joestravellog.com\/wp-content\/uploads\/2025\/06\/IMG_9892.jpg\" alt=\"\" class=\"wp-image-99\" srcset=\"https:\/\/joestravellog.com\/wp-content\/uploads\/2025\/06\/IMG_9892.jpg 800w, https:\/\/joestravellog.com\/wp-content\/uploads\/2025\/06\/IMG_9892-300x200.jpg 300w, https:\/\/joestravellog.com\/wp-content\/uploads\/2025\/06\/IMG_9892-768x512.jpg 768w\" sizes=\"auto, (max-width: 800px) 100vw, 800px\" \/><\/figure>\n\n\n\n<figure class=\"wp-block-image size-large\"><img loading=\"lazy\" decoding=\"async\" width=\"800\" height=\"533\" src=\"http:\/\/joestravellog.com\/wp-content\/uploads\/2025\/06\/IMG_9891.jpg\" alt=\"\" class=\"wp-image-100\" srcset=\"https:\/\/joestravellog.com\/wp-content\/uploads\/2025\/06\/IMG_9891.jpg 800w, https:\/\/joestravellog.com\/wp-content\/uploads\/2025\/06\/IMG_9891-300x200.jpg 300w, https:\/\/joestravellog.com\/wp-content\/uploads\/2025\/06\/IMG_9891-768x512.jpg 768w\" sizes=\"auto, (max-width: 800px) 100vw, 800px\" \/><\/figure>\n\n\n\n<p>Well there it is, the yellow palace. That&#8217;s as close as I could get. The day was a bust.<\/p>\n\n\n\n<div class=\"wp-block-buttons is-layout-flex wp-block-buttons-is-layout-flex\">\n<div class=\"wp-block-button\"><a class=\"wp-block-button__link wp-element-button\" href=\".\/gellert-hill-june-4-2025\/\">next<\/a><\/div>\n<\/div>\n\n\n\n<p><\/p>\n","protected":false},"excerpt":{"rendered":"<p>A trip to Nagyt\u00e9t\u00e9nyi Kast\u00e9ly (Castle), in Kast\u00e9lypark (Castle Park), is still within the Budapest public transit system; and indeed, [&hellip;]<\/p>\n","protected":false},"author":1,"featured_media":0,"parent":0,"menu_order":0,"comment_status":"closed","ping_status":"closed","template":"","meta":{"site-sidebar-layout":"default","site-content-layout":"","ast-site-content-layout":"default","site-content-style":"default","site-sidebar-style":"default","ast-global-header-display":"","ast-banner-title-visibility":"","ast-main-header-display":"","ast-hfb-above-header-display":"","ast-hfb-below-header-display":"","ast-hfb-mobile-header-display":"","site-post-title":"","ast-breadcrumbs-content":"","ast-featured-img":"","footer-sml-layout":"","theme-transparent-header-meta":"","adv-header-id-meta":"","stick-header-meta":"","header-above-stick-meta":"","header-main-stick-meta":"","header-below-stick-meta":"","astra-migrate-meta-layouts":"default","ast-page-background-enabled":"default","ast-page-background-meta":{"desktop":{"background-color":"var(--ast-global-color-5)","background-image":"","background-repeat":"repeat","background-position":"center center","background-size":"auto","background-attachment":"scroll","background-type":"","background-media":"","overlay-type":"","overlay-color":"","overlay-opacity":"","overlay-gradient":""},"tablet":{"background-color":"","background-image":"","background-repeat":"repeat","background-position":"center center","background-size":"auto","background-attachment":"scroll","background-type":"","background-media":"","overlay-type":"","overlay-color":"","overlay-opacity":"","overlay-gradient":""},"mobile":{"background-color":"","background-image":"","background-repeat":"repeat","background-position":"center center","background-size":"auto","background-attachment":"scroll","background-type":"","background-media":"","overlay-type":"","overlay-color":"","overlay-opacity":"","overlay-gradient":""}},"ast-content-background-meta":{"desktop":{"background-color":"var(--ast-global-color-4)","background-image":"","background-repeat":"repeat","background-position":"center center","background-size":"auto","background-attachment":"scroll","background-type":"","background-media":"","overlay-type":"","overlay-color":"","overlay-opacity":"","overlay-gradient":""},"tablet":{"background-color":"var(--ast-global-color-4)","background-image":"","background-repeat":"repeat","background-position":"center center","background-size":"auto","background-attachment":"scroll","background-type":"","background-media":"","overlay-type":"","overlay-color":"","overlay-opacity":"","overlay-gradient":""},"mobile":{"background-color":"var(--ast-global-color-4)","background-image":"","background-repeat":"repeat","background-position":"center center","background-size":"auto","background-attachment":"scroll","background-type":"","background-media":"","overlay-type":"","overlay-color":"","overlay-opacity":"","overlay-gradient":""}},"footnotes":""},"class_list":["post-41","page","type-page","status-publish","hentry"],"_links":{"self":[{"href":"https:\/\/joestravellog.com\/index.php\/wp-json\/wp\/v2\/pages\/41","targetHints":{"allow":["GET"]}}],"collection":[{"href":"https:\/\/joestravellog.com\/index.php\/wp-json\/wp\/v2\/pages"}],"about":[{"href":"https:\/\/joestravellog.com\/index.php\/wp-json\/wp\/v2\/types\/page"}],"author":[{"embeddable":true,"href":"https:\/\/joestravellog.com\/index.php\/wp-json\/wp\/v2\/users\/1"}],"replies":[{"embeddable":true,"href":"https:\/\/joestravellog.com\/index.php\/wp-json\/wp\/v2\/comments?post=41"}],"version-history":[{"count":2,"href":"https:\/\/joestravellog.com\/index.php\/wp-json\/wp\/v2\/pages\/41\/revisions"}],"predecessor-version":[{"id":115,"href":"https:\/\/joestravellog.com\/index.php\/wp-json\/wp\/v2\/pages\/41\/revisions\/115"}],"wp:attachment":[{"href":"https:\/\/joestravellog.com\/index.php\/wp-json\/wp\/v2\/media?parent=41"}],"curies":[{"name":"wp","href":"https:\/\/api.w.org\/{rel}","templated":true}]}}