	{"id":547,"date":"2025-06-18T20:50:35","date_gmt":"2025-06-18T15:50:35","guid":{"rendered":"https:\/\/joestravellog.com\/?page_id=547"},"modified":"2025-06-18T21:07:14","modified_gmt":"2025-06-18T16:07:14","slug":"szechenyi-thermal-bath-june-11-2025","status":"publish","type":"page","link":"https:\/\/joestravellog.com\/index.php\/szechenyi-thermal-bath-june-11-2025\/","title":{"rendered":"Sz\u00e9chenyi Thermal Bath June 11 2025"},"content":{"rendered":"\n<p>Excursion to the Sz\u00e9chenyi Thermal Bath. From Budapest center on the Pest side, make your way to Bajcsy-Zsilinszky \u00fat Metro station. Take the M1 Metro to the Sz\u00e9chenyi f\u00fcrd\u0151 stop.<\/p>\n\n\n\n<p>If you&#8217;re not up for underground travel, make your way along scenic Andr\u00e1ssy \u00fat. You&#8217;ll come across Hero&#8217;s square &#8211; more on that on another page &#8211; from there make your way to the baths.<\/p>\n\n\n\n<p>You can get tickets online or at the gate. I went in the middle of June, albeit not the full on tourist season. I found no line waiting to get in. I&#8217;m glad I didn&#8217;t waste money on a Fast Track ticket. At the time of this writing the admission was 11,000 HUF; about $30 USD. <\/p>\n\n\n\n<p>Remember your towel, slippers, and cash or a card if you want lunch or a beer by the pool.<\/p>\n\n\n\n<figure class=\"wp-block-image size-large\"><img loading=\"lazy\" decoding=\"async\" width=\"450\" height=\"600\" src=\"https:\/\/joestravellog.com\/wp-content\/uploads\/2025\/06\/IMG_E0840.jpg\" alt=\"\" class=\"wp-image-552\" srcset=\"https:\/\/joestravellog.com\/wp-content\/uploads\/2025\/06\/IMG_E0840.jpg 450w, https:\/\/joestravellog.com\/wp-content\/uploads\/2025\/06\/IMG_E0840-225x300.jpg 225w\" sizes=\"auto, (max-width: 450px) 100vw, 450px\" \/><figcaption class=\"wp-element-caption\">In the water<\/figcaption><\/figure>\n\n\n\n<figure class=\"wp-block-gallery has-nested-images columns-default is-cropped wp-block-gallery-1 is-layout-flex wp-block-gallery-is-layout-flex\">\n<figure class=\"wp-block-image size-large\"><img loading=\"lazy\" decoding=\"async\" width=\"800\" height=\"265\" data-id=\"549\" src=\"https:\/\/joestravellog.com\/wp-content\/uploads\/2025\/06\/IMG_0833.jpg\" alt=\"\" class=\"wp-image-549\" srcset=\"https:\/\/joestravellog.com\/wp-content\/uploads\/2025\/06\/IMG_0833.jpg 800w, https:\/\/joestravellog.com\/wp-content\/uploads\/2025\/06\/IMG_0833-300x99.jpg 300w, https:\/\/joestravellog.com\/wp-content\/uploads\/2025\/06\/IMG_0833-768x254.jpg 768w\" sizes=\"auto, (max-width: 800px) 100vw, 800px\" \/><figcaption class=\"wp-element-caption\">One pool<\/figcaption><\/figure>\n<\/figure>\n\n\n\n<figure class=\"wp-block-image size-large\"><img loading=\"lazy\" decoding=\"async\" width=\"800\" height=\"295\" src=\"https:\/\/joestravellog.com\/wp-content\/uploads\/2025\/06\/IMG_0834.jpg\" alt=\"\" class=\"wp-image-550\" srcset=\"https:\/\/joestravellog.com\/wp-content\/uploads\/2025\/06\/IMG_0834.jpg 800w, https:\/\/joestravellog.com\/wp-content\/uploads\/2025\/06\/IMG_0834-300x111.jpg 300w, https:\/\/joestravellog.com\/wp-content\/uploads\/2025\/06\/IMG_0834-768x283.jpg 768w\" sizes=\"auto, (max-width: 800px) 100vw, 800px\" \/><figcaption class=\"wp-element-caption\">and another<\/figcaption><\/figure>\n\n\n\n<figure class=\"wp-block-image size-large\"><img loading=\"lazy\" decoding=\"async\" width=\"450\" height=\"600\" src=\"https:\/\/joestravellog.com\/wp-content\/uploads\/2025\/06\/IMG_0845.jpg\" alt=\"\" class=\"wp-image-551\" srcset=\"https:\/\/joestravellog.com\/wp-content\/uploads\/2025\/06\/IMG_0845.jpg 450w, https:\/\/joestravellog.com\/wp-content\/uploads\/2025\/06\/IMG_0845-225x300.jpg 225w\" sizes=\"auto, (max-width: 450px) 100vw, 450px\" \/><figcaption class=\"wp-element-caption\">Me again, on the way out<\/figcaption><\/figure>\n\n\n\n<p>If you&#8217;ll permit me, a few videos of me in the hot pool.<\/p>\n\n\n\n<figure class=\"wp-block-video\"><video height=\"360\" style=\"aspect-ratio: 640 \/ 360;\" width=\"640\" controls src=\"http:\/\/joestravellog.com\/wp-content\/uploads\/2025\/06\/IMG_0836.mp4\"><\/video><\/figure>\n\n\n\n<figure class=\"wp-block-video\"><video height=\"360\" style=\"aspect-ratio: 640 \/ 360;\" width=\"640\" controls src=\"http:\/\/joestravellog.com\/wp-content\/uploads\/2025\/06\/IMG_0837.mp4\"><\/video><\/figure>\n\n\n\n<div class=\"wp-block-buttons is-layout-flex wp-block-buttons-is-layout-flex\">\n<div class=\"wp-block-button\"><a class=\"wp-block-button__link wp-element-button\" href=\".\/castle-hill-budapest-june-13-2025\/\">Next<\/a><\/div>\n<\/div>\n\n\n\n<p><\/p>\n","protected":false},"excerpt":{"rendered":"<p>Excursion to the Sz\u00e9chenyi Thermal Bath. From Budapest center on the Pest side, make your way to Bajcsy-Zsilinszky \u00fat Metro [&hellip;]<\/p>\n","protected":false},"author":1,"featured_media":0,"parent":0,"menu_order":0,"comment_status":"closed","ping_status":"closed","template":"","meta":{"site-sidebar-layout":"default","site-content-layout":"","ast-site-content-layout":"default","site-content-style":"default","site-sidebar-style":"default","ast-global-header-display":"","ast-banner-title-visibility":"","ast-main-header-display":"","ast-hfb-above-header-display":"","ast-hfb-below-header-display":"","ast-hfb-mobile-header-display":"","site-post-title":"","ast-breadcrumbs-content":"","ast-featured-img":"","footer-sml-layout":"","theme-transparent-header-meta":"","adv-header-id-meta":"","stick-header-meta":"","header-above-stick-meta":"","header-main-stick-meta":"","header-below-stick-meta":"","astra-migrate-meta-layouts":"default","ast-page-background-enabled":"default","ast-page-background-meta":{"desktop":{"background-color":"var(--ast-global-color-5)","background-image":"","background-repeat":"repeat","background-position":"center center","background-size":"auto","background-attachment":"scroll","background-type":"","background-media":"","overlay-type":"","overlay-color":"","overlay-opacity":"","overlay-gradient":""},"tablet":{"background-color":"","background-image":"","background-repeat":"repeat","background-position":"center center","background-size":"auto","background-attachment":"scroll","background-type":"","background-media":"","overlay-type":"","overlay-color":"","overlay-opacity":"","overlay-gradient":""},"mobile":{"background-color":"","background-image":"","background-repeat":"repeat","background-position":"center center","background-size":"auto","background-attachment":"scroll","background-type":"","background-media":"","overlay-type":"","overlay-color":"","overlay-opacity":"","overlay-gradient":""}},"ast-content-background-meta":{"desktop":{"background-color":"var(--ast-global-color-4)","background-image":"","background-repeat":"repeat","background-position":"center center","background-size":"auto","background-attachment":"scroll","background-type":"","background-media":"","overlay-type":"","overlay-color":"","overlay-opacity":"","overlay-gradient":""},"tablet":{"background-color":"var(--ast-global-color-4)","background-image":"","background-repeat":"repeat","background-position":"center center","background-size":"auto","background-attachment":"scroll","background-type":"","background-media":"","overlay-type":"","overlay-color":"","overlay-opacity":"","overlay-gradient":""},"mobile":{"background-color":"var(--ast-global-color-4)","background-image":"","background-repeat":"repeat","background-position":"center center","background-size":"auto","background-attachment":"scroll","background-type":"","background-media":"","overlay-type":"","overlay-color":"","overlay-opacity":"","overlay-gradient":""}},"footnotes":""},"class_list":["post-547","page","type-page","status-publish","hentry"],"_links":{"self":[{"href":"https:\/\/joestravellog.com\/index.php\/wp-json\/wp\/v2\/pages\/547","targetHints":{"allow":["GET"]}}],"collection":[{"href":"https:\/\/joestravellog.com\/index.php\/wp-json\/wp\/v2\/pages"}],"about":[{"href":"https:\/\/joestravellog.com\/index.php\/wp-json\/wp\/v2\/types\/page"}],"author":[{"embeddable":true,"href":"https:\/\/joestravellog.com\/index.php\/wp-json\/wp\/v2\/users\/1"}],"replies":[{"embeddable":true,"href":"https:\/\/joestravellog.com\/index.php\/wp-json\/wp\/v2\/comments?post=547"}],"version-history":[{"count":5,"href":"https:\/\/joestravellog.com\/index.php\/wp-json\/wp\/v2\/pages\/547\/revisions"}],"predecessor-version":[{"id":565,"href":"https:\/\/joestravellog.com\/index.php\/wp-json\/wp\/v2\/pages\/547\/revisions\/565"}],"wp:attachment":[{"href":"https:\/\/joestravellog.com\/index.php\/wp-json\/wp\/v2\/media?parent=547"}],"curies":[{"name":"wp","href":"https:\/\/api.w.org\/{rel}","templated":true}]}}